{"id":4324,"date":"2022-05-06T10:16:47","date_gmt":"2022-05-06T10:16:47","guid":{"rendered":"https:\/\/imprenta.org.es\/cerdanyola-del-valles\/?page_id=4324"},"modified":"2022-09-22T08:24:22","modified_gmt":"2022-09-22T08:24:22","slug":"letras-corporeas","status":"publish","type":"page","link":"https:\/\/imprenta.org.es\/cerdanyola-del-valles\/letras-corporeas\/","title":{"rendered":"LETRAS CORP\u00d3REAS"},"content":{"rendered":"<div class=\"wpb-content-wrapper\"><p>[vc_row css_animation=\u00bb\u00bb row_type=\u00bbrow\u00bb use_row_as_full_screen_section=\u00bbno\u00bb type=\u00bbfull_width\u00bb angled_section=\u00bbno\u00bb text_align=\u00bbleft\u00bb background_image_as_pattern=\u00bbwithout_pattern\u00bb css=\u00bb.vc_custom_1651823328478{padding-top: 100px !important;background-color: #c54440 !important;}\u00bb z_index=\u00bb\u00bb][vc_column][\/vc_column][\/vc_row][vc_row css_animation=\u00bb\u00bb row_type=\u00bbrow\u00bb use_row_as_full_screen_section=\u00bbno\u00bb type=\u00bbgrid\u00bb angled_section=\u00bbno\u00bb text_align=\u00bbcenter\u00bb background_image_as_pattern=\u00bbwithout_pattern\u00bb anchor=\u00bbservicios\u00bb z_index=\u00bb\u00bb css=\u00bb.vc_custom_1651823302838{padding-top: 104px !important;}\u00bb background_color=\u00bb#ffffff\u00bb border_color=\u00bb#ffffff\u00bb][vc_column css=\u00bb.vc_custom_1649233684177{background-color: #ffffff !important;}\u00bb][vc_column_text]<\/p>\n<h6><strong>NE\u00d3N, PVC, METACRILATO<\/strong><\/h6>\n<p>[\/vc_column_text][vc_empty_space height=\u00bb3px\u00bb][vc_column_text]<\/p>\n<h1 style=\"text-align: center;\"><strong>LETRAS CORP\u00d3REAS EN CERDANYOLA<\/strong><\/h1>\n<p>[\/vc_column_text][\/vc_column][\/vc_row][vc_row css_animation=\u00bb\u00bb row_type=\u00bbrow\u00bb use_row_as_full_screen_section=\u00bbno\u00bb type=\u00bbgrid\u00bb angled_section=\u00bbno\u00bb text_align=\u00bbleft\u00bb background_image_as_pattern=\u00bbwithout_pattern\u00bb anchor=\u00bbservices\u00bb z_index=\u00bb\u00bb css=\u00bb.vc_custom_1526038681101{padding-top: 104px !important;padding-bottom: 27px !important;}\u00bb][vc_column][vc_column_text]<\/p>\n<p style=\"text-align: center;\">Llevamos a cabo la fabricaci\u00f3n y el dise\u00f1o de todo tipo de <strong>letras corp\u00f3reas en Cerdanyola del Vall\u00e9s<\/strong> a precios econ\u00f3micos. Letras corp\u00f3reas, r\u00f3tulos opacos y banderolas. <strong>Compra tus r\u00f3tulos online para tu negocio en Cerdanyola del Vall\u00e9s<\/strong>.<\/p>\n<p>[\/vc_column_text][vc_single_image image=\u00bb4330&#8243; img_size=\u00bbfull\u00bb alignment=\u00bbcenter\u00bb qode_css_animation=\u00bb\u00bb css=\u00bb.vc_custom_1652169498178{margin-top: 25px !important;}\u00bb][\/vc_column][\/vc_row][vc_row css_animation=\u00bb\u00bb row_type=\u00bbrow\u00bb use_row_as_full_screen_section=\u00bbno\u00bb type=\u00bbgrid\u00bb angled_section=\u00bbno\u00bb text_align=\u00bbcenter\u00bb background_image_as_pattern=\u00bbwithout_pattern\u00bb anchor=\u00bbproductos\u00bb z_index=\u00bb\u00bb css=\u00bb.vc_custom_1651736078657{padding-top: 104px !important;background-color: #ffffff !important;}\u00bb background_color=\u00bb#ffffff\u00bb border_color=\u00bb#ffffff\u00bb][vc_column css=\u00bb.vc_custom_1649236070094{background-color: #ffffff !important;}\u00bb][vc_column_text]<\/p>\n<h6><strong>CONOCE NUESTRO MATERIAL<\/strong><\/h6>\n<p>[\/vc_column_text][vc_empty_space height=\u00bb3px\u00bb][vc_column_text css=\u00bb.vc_custom_1651833139142{margin-bottom: 50px !important;}\u00bb]<\/p>\n<h2><strong>LETRAS CORP\u00d3REAS LOW COST<\/strong><\/h2>\n<p>[\/vc_column_text][vc_column_text]<\/p>\n<p style=\"text-align: center;\">La producci\u00f3n de letras corp\u00f3reas est\u00e1 muy demanda ya que ofrecemos un servicio econ\u00f3mico sin perder la calidad que nos caracteriza. Se debe realizar un trabajo de campo antes de llevar a cabo la producci\u00f3n de dichas letras, ya que es de vital importancia saber d\u00f3nde estar\u00e1 colocarlas, que tipo se adapta mejor a tus necesidades, etc.<\/p>\n<p>[\/vc_column_text][vc_empty_space height=\u00bb50px\u00bb][vc_row_inner row_type=\u00bbrow\u00bb type=\u00bbfull_width\u00bb text_align=\u00bbleft\u00bb css_animation=\u00bb\u00bb css=\u00bb.vc_custom_1651827043161{margin-top: 50px !important;margin-bottom: 50px !important;}\u00bb][vc_column_inner width=\u00bb1\/3&#8243;]<div class=\"image_with_text\"><img decoding=\"async\" itemprop=\"image\" src=\"https:\/\/imprenta.org.es\/cerdanyola-del-valles\/wp-content\/uploads\/2022\/05\/Letras-Corporeas-de-Neon-Cerdanyola-del-Valles.jpg\" alt=\"LETRAS DE NE\u00d3N\" \/><h3 >LETRAS DE NE\u00d3N<\/h3><span style=\"margin: 6px 0px;\" class=\"separator transparent\"><\/span>Realizamos cualquier tipo de palabra, frase o eslogan.<\/div><a  itemprop=\"url\" href=\"https:\/\/api.whatsapp.com\/send?phone=+34603858264&amp;text=Necesito%20informaci%C3%B3n%20acerca%20de%20las%20letras%20de%20ne%C3%B3n\" target=\"_self\" data-hover-background-color=#dd5252  class=\"qbutton  center default\" style=\"color: #ffffff; background-color: #dd3333;\">M\u00c1S INFORMACI\u00d3N<i class=\"qode_icon_font_awesome fa fa-info qode_button_icon_element\" style=\"color: #ffffff;\" ><\/i><\/a>[\/vc_column_inner][vc_column_inner width=\u00bb1\/3&#8243;]<div class=\"image_with_text\"><img decoding=\"async\" itemprop=\"image\" src=\"https:\/\/imprenta.org.es\/cerdanyola-del-valles\/wp-content\/uploads\/2022\/05\/Letras-Corporeas-de-PVC-Cerdanyola-del-Valles.jpg\" alt=\"LETRAS DE PVC\" \/><h3 >LETRAS DE PVC<\/h3><span style=\"margin: 6px 0px;\" class=\"separator transparent\"><\/span>Natural, negro mate, pintado mate, pintado brillo, etc.<\/div><a  itemprop=\"url\" href=\"https:\/\/api.whatsapp.com\/send?phone=+34603858264&amp;text=Necesito%20informaci%C3%B3n%20acerca%20de%20las%20letras%20de%20PVC\" target=\"_self\" data-hover-background-color=#dd5252  class=\"qbutton  center default\" style=\"color: #ffffff; background-color: #dd3333;\">M\u00c1S INFORMACI\u00d3N<i class=\"qode_icon_font_awesome fa fa-info qode_button_icon_element\" style=\"color: #ffffff;\" ><\/i><\/a>[\/vc_column_inner][vc_column_inner width=\u00bb1\/3&#8243;]<div class=\"image_with_text\"><img decoding=\"async\" itemprop=\"image\" src=\"https:\/\/imprenta.org.es\/cerdanyola-del-valles\/wp-content\/uploads\/2022\/05\/Letras-Corporeas-de-Metacrilato-Cerdanyola-del-Valles.jpg\" alt=\"LETRAS DE METACRILATO\" \/><h3 >LETRAS DE METACRILATO<\/h3><span style=\"margin: 6px 0px;\" class=\"separator transparent\"><\/span>Metacrilato iluminado, impreso, espejo oro, transparente, etc.<\/div><a  itemprop=\"url\" href=\"https:\/\/api.whatsapp.com\/send?phone=+34603858264&amp;text=Necesito%20informaci%C3%B3n%20acerca%20de%20las%20letras%20de%20metacrilato\" target=\"_self\" data-hover-background-color=#dd5252  class=\"qbutton  center default\" style=\"color: #ffffff; background-color: #dd3333;\">M\u00c1S INFORMACI\u00d3N<i class=\"qode_icon_font_awesome fa fa-info qode_button_icon_element\" style=\"color: #ffffff;\" ><\/i><\/a>[\/vc_column_inner][\/vc_row_inner][vc_row_inner row_type=\u00bbrow\u00bb type=\u00bbfull_width\u00bb text_align=\u00bbleft\u00bb css_animation=\u00bb\u00bb css=\u00bb.vc_custom_1651827043161{margin-top: 50px !important;margin-bottom: 50px !important;}\u00bb][vc_column_inner width=\u00bb1\/3&#8243;]<div class=\"image_with_text\"><img decoding=\"async\" itemprop=\"image\" src=\"https:\/\/imprenta.org.es\/cerdanyola-del-valles\/wp-content\/uploads\/2022\/05\/Letras-Corporeas-de-Aluminio-Cerdanyola-del-Valles.jpg\" alt=\"LETRAS DE ALUMINIO\" \/><h3 >LETRAS DE ALUMINIO<\/h3><span style=\"margin: 6px 0px;\" class=\"separator transparent\"><\/span>Sin iluminaci\u00f3n, retroiluminado, iluminaci\u00f3n frontal, etc.<\/div><a  itemprop=\"url\" href=\"https:\/\/api.whatsapp.com\/send?phone=+34603858264&amp;text=Necesito%20informaci%C3%B3n%20acerca%20de%20las%20letras%20de%20aluminio\" target=\"_self\" data-hover-background-color=#dd5252  class=\"qbutton  center default\" style=\"color: #ffffff; background-color: #dd3333;\">M\u00c1S INFORMACI\u00d3N<i class=\"qode_icon_font_awesome fa fa-info qode_button_icon_element\" style=\"color: #ffffff;\" ><\/i><\/a>[\/vc_column_inner][vc_column_inner width=\u00bb1\/3&#8243;]<div class=\"image_with_text\"><img decoding=\"async\" itemprop=\"image\" src=\"https:\/\/imprenta.org.es\/cerdanyola-del-valles\/wp-content\/uploads\/2022\/05\/Letras-Corporeas-de-Madera-Cerdanyola-del-Valles.jpg\" alt=\"LETRAS DE MADERA\" \/><h3 >LETRAS DE MADERA<\/h3><span style=\"margin: 6px 0px;\" class=\"separator transparent\"><\/span>Madera de roble, abedul, impreso color, impreso abstracto, etc.<\/div><a  itemprop=\"url\" href=\"https:\/\/api.whatsapp.com\/send?phone=+34603858264&amp;text=Necesito%20informaci%C3%B3n%20acerca%20de%20las%20letras%20de%20madera\" target=\"_self\" data-hover-background-color=#dd5252  class=\"qbutton  center default\" style=\"color: #ffffff; background-color: #dd3333;\">M\u00c1S INFORMACI\u00d3N<i class=\"qode_icon_font_awesome fa fa-info qode_button_icon_element\" style=\"color: #ffffff;\" ><\/i><\/a>[\/vc_column_inner][vc_column_inner width=\u00bb1\/3&#8243;]<div class=\"image_with_text\"><img decoding=\"async\" itemprop=\"image\" src=\"https:\/\/imprenta.org.es\/cerdanyola-del-valles\/wp-content\/uploads\/2022\/05\/Letras-Corporeas-de-Dibond-Cerdanyola-del-Valles.jpg\" alt=\"LETRAS DE DIBOND\" \/><h3 >LETRAS DE DIBOND<\/h3><span style=\"margin: 6px 0px;\" class=\"separator transparent\"><\/span>Satinado, espejo, pintado brillo o mate, impreso, etc.<\/div><a  itemprop=\"url\" href=\"https:\/\/api.whatsapp.com\/send?phone=+34603858264&amp;text=Necesito%20informaci%C3%B3n%20acerca%20de%20las%20letras%20de%20dibond\" target=\"_self\" data-hover-background-color=#dd5252  class=\"qbutton  center default\" style=\"color: #ffffff; background-color: #dd3333;\">M\u00c1S INFORMACI\u00d3N<i class=\"qode_icon_font_awesome fa fa-info qode_button_icon_element\" style=\"color: #ffffff;\" ><\/i><\/a>[\/vc_column_inner][\/vc_row_inner][\/vc_column][\/vc_row][vc_row css_animation=\u00bb\u00bb row_type=\u00bbrow\u00bb use_row_as_full_screen_section=\u00bbno\u00bb type=\u00bbfull_width\u00bb angled_section=\u00bbno\u00bb text_align=\u00bbleft\u00bb background_image_as_pattern=\u00bbwithout_pattern\u00bb css=\u00bb.vc_custom_1651827016600{background-color: #000000 !important;}\u00bb z_index=\u00bb\u00bb][vc_column]<div class=\"call_to_action normal\" style=\"background-color: #000000;\"><div class=\"container_inner\"><div class=\"two_columns_75_25 clearfix\"><div class=\"text_wrapper column1\"><div class=\"call_to_action_text \" style=\"\">\n<h3><span style=\"color: #ffffff;\">Pru\u00e9banos ahora y empieza a realizar tus letras corp\u00f3reas.<\/span><\/h3>\n<\/div><\/div><div class=\"button_wrapper column2\"><a itemprop=\"url\" href=\"https:\/\/api.whatsapp.com\/send?phone=34603858264&amp;text=Hola%20necesito%20tu%20asesoramiento%20sobre%20letras%20corp\u00f3reas\" class=\"qbutton white \" target=\"_self\" style=\"\">Asesorar<\/a><\/div><\/div><\/div><\/div>[\/vc_column][\/vc_row][vc_row css_animation=\u00bb\u00bb row_type=\u00bbrow\u00bb use_row_as_full_screen_section=\u00bbno\u00bb type=\u00bbgrid\u00bb angled_section=\u00bbno\u00bb text_align=\u00bbcenter\u00bb background_image_as_pattern=\u00bbwithout_pattern\u00bb anchor=\u00bbproductos\u00bb z_index=\u00bb\u00bb css=\u00bb.vc_custom_1651736078657{padding-top: 104px !important;background-color: #ffffff !important;}\u00bb background_color=\u00bb#ffffff\u00bb border_color=\u00bb#ffffff\u00bb][vc_column css=\u00bb.vc_custom_1649236070094{background-color: #ffffff !important;}\u00bb][vc_column_text]<\/p>\n<h6><strong>ALTA CALIDAD A BAJO COSTE<\/strong><\/h6>\n<p>[\/vc_column_text][vc_empty_space height=\u00bb3px\u00bb][vc_column_text css=\u00bb.vc_custom_1651824894976{margin-bottom: 50px !important;}\u00bb]<\/p>\n<h2><strong>\u00bfPOR QU\u00c9 ELEGIRNOS?<\/strong><\/h2>\n<p>[\/vc_column_text][vc_column_text]<\/p>\n<p style=\"text-align: center;\">Nos dedicamos al dise\u00f1o, fabricaci\u00f3n e instalaci\u00f3n de letras corp\u00f3reas en Cerdanyola del Vall\u00e9s.<\/p>\n<p>&nbsp;<\/p>\n<p style=\"text-align: center;\">Las letras\u00a0corp\u00f3reas realzan la imagen corporativa de una empresa o negocio. Contamos con una amplia variedad de materiales y acabados, desde letras de ne\u00f3n, madera, dibond, etc.<\/p>\n<p>&nbsp;<\/p>\n<p style=\"text-align: center;\">Somos expertos en letras corp\u00f3reas. Contamos con maquinaria de \u00faltima tecnolog\u00eda tanto para fresar como para realizar el vaciado aportando una sensaci\u00f3n 3D a cualquier logotipo\u00a0o texto.<\/p>\n<p>&nbsp;<\/p>\n<p style=\"text-align: center;\">Le proporcionamos otra dimensi\u00f3n a los\u00a0r\u00f3tulos tradicionales. Dependiendo de la altura, le damos cuerpo adecuado proporcionalmente para qu\u00e9 tu r\u00f3tulo comunique una imagen elegante y definida.<\/p>\n<p>&nbsp;<\/p>\n<p style=\"text-align: center;\">Como ya se ha comentado anteriormente el material de los r\u00f3tulos puede variar seg\u00fan la necesidad, ya sea de acero, PVC, metacrilato, madera, etc. As\u00ed como una amplia variedad de colores, ya sea con brillo o satinado.<\/p>\n<p>&nbsp;<\/p>\n<p style=\"text-align: center;\">Los\u00a0r\u00f3tulos de letras corp\u00f3reas pueden ser retroiluminados mediante ne\u00f3n o leds, frontalmente o en su contorno. El montaje puede ser o bien directo a la pared o sobre diferentes soportes, como metacrilato, bandeja de aluminio, etc.<\/p>\n<h4 style=\"text-align: center;\"><\/h4>\n<p>&nbsp;<\/p>\n<p style=\"text-align: center;\">Son corp\u00f3reas,\u00a0 muy vistosas. Nada mejor que el CHANNELUME para realzar cualquier r\u00f3tulo. Corp\u00f3reos con cuerpo de aluminio, frontal de metacrilato e iluminaci\u00f3n interior\u00a0 mediante Ne\u00f3n o Leds. Se pueden\u00a0 adecuar a exterior e interior y colocar sobre diferentes soportes.<\/p>\n<p>&nbsp;<\/p>\n<div style=\"text-align: center;\">\n<div>\n<div>No dude en ponerse en contacto con nosotros para que podamos asesorarle en el su dise\u00f1o de sus letras corp\u00f3reas en Cerdanyola del Vall\u00e9s, podemos ayudarte con el dise\u00f1o, los materiales, y todo lo que necesites para que sus <strong>letras corp\u00f3reas<\/strong> sean exactamente lo que necesita, sin tener que gastar dinero de m\u00e1s ni obtener resultados inesperados o indeseados.<\/div>\n<\/div>\n<\/div>\n<div><\/div>\n<div><\/div>\n<div><\/div>\n<div style=\"text-align: center;\">\n<div><\/div>\n<div>\n<div>Rotulaci\u00f3n al mejor precio. Trato personalizado, ll\u00e1menos! PVC Y\u00a0<b>Luminosos<\/b>. Bandejas De Aluminio. Acero Inoxidable. Corp\u00f3reas De Aluminio. Tipos:\u00a0<b>Luminosos<\/b>, Corp\u00f3reos, Acero Inoxidable, Aluminio, PVC, vinilos y lonas publicitarias.<\/div>\n<\/div>\n<\/div>\n<p>[\/vc_column_text][vc_empty_space height=\u00bb50px\u00bb][\/vc_column][\/vc_row][vc_row css_animation=\u00bb\u00bb row_type=\u00bbrow\u00bb use_row_as_full_screen_section=\u00bbno\u00bb type=\u00bbgrid\u00bb angled_section=\u00bbno\u00bb text_align=\u00bbleft\u00bb background_image_as_pattern=\u00bbwithout_pattern\u00bb css=\u00bb.vc_custom_1651825413976{padding-top: 10px !important;padding-bottom: 10px !important;background-color: #000000 !important;}\u00bb z_index=\u00bb\u00bb][vc_column]<div class=\"call_to_action normal\" style=\"background-color: #000000;\"><div class=\"container_inner\"><div class=\"two_columns_75_25 clearfix\"><div class=\"text_wrapper column1\"><div class=\"call_to_action_text \" style=\"\">\n<h3><span style=\"color: #ffffff;\">Nuestros especialistas te asesorar\u00e1n para llevar a cabo tu proyecto publicitario. <\/span><\/h3>\n<\/div><\/div><div class=\"button_wrapper column2\"><a itemprop=\"url\" href=\"https:\/\/api.whatsapp.com\/send?phone=34603858264&amp;text=Hola%20necesito%20tu%20asesoramiento%20sobre%20vuestros%20productos\" class=\"qbutton white \" target=\"_self\" style=\"\">Asesorar<\/a><\/div><\/div><\/div><\/div>[\/vc_column][\/vc_row][vc_row css_animation=\u00bb\u00bb row_type=\u00bbrow\u00bb use_row_as_full_screen_section=\u00bbno\u00bb type=\u00bbfull_width\u00bb angled_section=\u00bbno\u00bb text_align=\u00bbleft\u00bb background_image_as_pattern=\u00bbwithout_pattern\u00bb][vc_column][vc_column_text]<\/p>\n<p style=\"text-align: center;\"><span style=\"color: #ffffff;\">Imprenta en Barcelona, Imprenta en\u00a0Badia, Imprenta en Barber\u00e0 del Vall\u00e8s, Imprenta en Castellar, Imprenta en Castellbisbal, Imprenta en Gallifa, Imprenta en Matadepera, Imprenta en Montcada i Reixac, Imprenta en Palau-solit\u00e0 i Plegamans, Imprenta en Poliny\u00e0 , Imprenta en Rellinars, Imprenta en Ripollet, Imprenta en Rub\u00ed, Imprenta en Sabadell, Centre, Imprenta en L\u2019eixample, Imprenta en Sant Cugat del Vall\u00e8s, Imprenta en Sant Lloren\u00e7 Savall, Imprenta en Sant Quirze del Vall\u00e8s, Imprenta en Santa Perp\u00e8tua de Mogoda, Imprenta en Sentmenat, Imprenta en Terrassa, Imprenta en Ullastrell, Imprenta en Vacarisses, Imprenta en Viladecavalls, Imprenta en Badalona, Imprenta en Les Corts, Imprenta en Barrio g\u00f3tico, Imprenta en Nou Barris, Imprenta en Horta- Guinard\u00f3, Imprenta en Sarri\u00e0-Sant Gervasi, Imprenta en Les Corts, Imprenta en Gr\u00e0cia, Imprenta en Sants, Imprenta en Eixample, Imprenta en Hospitalet.<\/span><\/p>\n<p>[\/vc_column_text][\/vc_column][\/vc_row]<\/p>\n<\/div>","protected":false},"excerpt":{"rendered":"<p>[vc_row css_animation=\u00bb\u00bb row_type=\u00bbrow\u00bb use_row_as_full_screen_section=\u00bbno\u00bb type=\u00bbfull_width\u00bb angled_section=\u00bbno\u00bb text_align=\u00bbleft\u00bb background_image_as_pattern=\u00bbwithout_pattern\u00bb css=\u00bb.vc_custom_1651823328478{padding-top: 100px !important;background-color: #c54440 !important;}\u00bb z_index=\u00bb\u00bb][vc_column][\/vc_column][\/vc_row][vc_row css_animation=\u00bb\u00bb row_type=\u00bbrow\u00bb use_row_as_full_screen_section=\u00bbno\u00bb type=\u00bbgrid\u00bb angled_section=\u00bbno\u00bb text_align=\u00bbcenter\u00bb background_image_as_pattern=\u00bbwithout_pattern\u00bb anchor=\u00bbservicios\u00bb z_index=\u00bb\u00bb css=\u00bb.vc_custom_1651823302838{padding-top: 104px !important;}\u00bb background_color=\u00bb#ffffff\u00bb border_color=\u00bb#ffffff\u00bb][vc_column css=\u00bb.vc_custom_1649233684177{background-color: #ffffff !important;}\u00bb][vc_column_text] NE\u00d3N, PVC, METACRILATO [\/vc_column_text][vc_empty_space height=\u00bb3px\u00bb][vc_column_text] LETRAS CORP\u00d3REAS EN CERDANYOLA [\/vc_column_text][\/vc_column][\/vc_row][vc_row css_animation=\u00bb\u00bb row_type=\u00bbrow\u00bb use_row_as_full_screen_section=\u00bbno\u00bb type=\u00bbgrid\u00bb&#8230;<\/p>\n","protected":false},"author":1,"featured_media":4628,"parent":0,"menu_order":0,"comment_status":"closed","ping_status":"closed","template":"full_width.php","meta":{"footnotes":""},"yst_prominent_words":[428,436,434,433,421,429,435],"class_list":["post-4324","page","type-page","status-publish","has-post-thumbnail","hentry"],"_links":{"self":[{"href":"https:\/\/imprenta.org.es\/cerdanyola-del-valles\/wp-json\/wp\/v2\/pages\/4324","targetHints":{"allow":["GET"]}}],"collection":[{"href":"https:\/\/imprenta.org.es\/cerdanyola-del-valles\/wp-json\/wp\/v2\/pages"}],"about":[{"href":"https:\/\/imprenta.org.es\/cerdanyola-del-valles\/wp-json\/wp\/v2\/types\/page"}],"author":[{"embeddable":true,"href":"https:\/\/imprenta.org.es\/cerdanyola-del-valles\/wp-json\/wp\/v2\/users\/1"}],"replies":[{"embeddable":true,"href":"https:\/\/imprenta.org.es\/cerdanyola-del-valles\/wp-json\/wp\/v2\/comments?post=4324"}],"version-history":[{"count":9,"href":"https:\/\/imprenta.org.es\/cerdanyola-del-valles\/wp-json\/wp\/v2\/pages\/4324\/revisions"}],"predecessor-version":[{"id":4581,"href":"https:\/\/imprenta.org.es\/cerdanyola-del-valles\/wp-json\/wp\/v2\/pages\/4324\/revisions\/4581"}],"wp:featuredmedia":[{"embeddable":true,"href":"https:\/\/imprenta.org.es\/cerdanyola-del-valles\/wp-json\/wp\/v2\/media\/4628"}],"wp:attachment":[{"href":"https:\/\/imprenta.org.es\/cerdanyola-del-valles\/wp-json\/wp\/v2\/media?parent=4324"}],"wp:term":[{"taxonomy":"yst_prominent_words","embeddable":true,"href":"https:\/\/imprenta.org.es\/cerdanyola-del-valles\/wp-json\/wp\/v2\/yst_prominent_words?post=4324"}],"curies":[{"name":"wp","href":"https:\/\/api.w.org\/{rel}","templated":true}]}}