{"id":4400,"date":"2022-05-13T08:49:31","date_gmt":"2022-05-13T08:49:31","guid":{"rendered":"https:\/\/imprenta.org.es\/cerdanyola-del-valles\/?page_id=4400"},"modified":"2022-09-21T09:57:24","modified_gmt":"2022-09-21T09:57:24","slug":"paginas-web","status":"publish","type":"page","link":"https:\/\/imprenta.org.es\/cerdanyola-del-valles\/paginas-web\/","title":{"rendered":"P\u00c1GINAS WEB"},"content":{"rendered":"<div class=\"wpb-content-wrapper\"><p>[vc_row css_animation=\u00bb\u00bb row_type=\u00bbrow\u00bb use_row_as_full_screen_section=\u00bbno\u00bb type=\u00bbfull_width\u00bb angled_section=\u00bbno\u00bb text_align=\u00bbleft\u00bb background_image_as_pattern=\u00bbwithout_pattern\u00bb css=\u00bb.vc_custom_1651823328478{padding-top: 100px !important;background-color: #c54440 !important;}\u00bb z_index=\u00bb\u00bb][vc_column][\/vc_column][\/vc_row][vc_row css_animation=\u00bb\u00bb row_type=\u00bbrow\u00bb use_row_as_full_screen_section=\u00bbno\u00bb type=\u00bbgrid\u00bb angled_section=\u00bbno\u00bb text_align=\u00bbcenter\u00bb background_image_as_pattern=\u00bbwithout_pattern\u00bb anchor=\u00bbservicios\u00bb z_index=\u00bb\u00bb css=\u00bb.vc_custom_1651823302838{padding-top: 104px !important;}\u00bb background_color=\u00bb#ffffff\u00bb border_color=\u00bb#ffffff\u00bb][vc_column css=\u00bb.vc_custom_1649233684177{background-color: #ffffff !important;}\u00bb][vc_column_text]<\/p>\n<h6><strong>CREA TU TIENDA ONLINE<\/strong><\/h6>\n<p>[\/vc_column_text][vc_empty_space height=\u00bb3px\u00bb][vc_column_text]<\/p>\n<h1 style=\"text-align: center;\"><strong>P\u00c1GINAS WEB EN CERDANYOLA<\/strong><\/h1>\n<p>[\/vc_column_text][\/vc_column][\/vc_row][vc_row css_animation=\u00bb\u00bb row_type=\u00bbrow\u00bb use_row_as_full_screen_section=\u00bbno\u00bb type=\u00bbgrid\u00bb angled_section=\u00bbno\u00bb text_align=\u00bbleft\u00bb background_image_as_pattern=\u00bbwithout_pattern\u00bb anchor=\u00bbservices\u00bb z_index=\u00bb\u00bb css=\u00bb.vc_custom_1526038681101{padding-top: 104px !important;padding-bottom: 27px !important;}\u00bb][vc_column][vc_column_text]<\/p>\n<p style=\"text-align: center;\">Llevamos a cabo la estructura y el dise\u00f1o de <strong>p\u00e1ginas web en Cerdanyola del Vall\u00e9s<\/strong> a precios econ\u00f3micos. <strong>Crea tu p\u00e1gina web <\/strong><strong>para tu negocio en Cerdanyola del Vall\u00e9s<\/strong>.<\/p>\n<p>[\/vc_column_text][vc_single_image image=\u00bb4437&#8243; img_size=\u00bbfull\u00bb alignment=\u00bbcenter\u00bb qode_css_animation=\u00bb\u00bb css=\u00bb.vc_custom_1652776215102{margin-top: 25px !important;}\u00bb][\/vc_column][\/vc_row][vc_row css_animation=\u00bb\u00bb row_type=\u00bbrow\u00bb use_row_as_full_screen_section=\u00bbno\u00bb type=\u00bbgrid\u00bb angled_section=\u00bbno\u00bb text_align=\u00bbcenter\u00bb background_image_as_pattern=\u00bbwithout_pattern\u00bb anchor=\u00bbproductos\u00bb z_index=\u00bb\u00bb css=\u00bb.vc_custom_1651736078657{padding-top: 104px !important;background-color: #ffffff !important;}\u00bb background_color=\u00bb#ffffff\u00bb border_color=\u00bb#ffffff\u00bb][vc_column css=\u00bb.vc_custom_1649236070094{background-color: #ffffff !important;}\u00bb][vc_column_text]<\/p>\n<h6><strong>LOWCOST<\/strong><\/h6>\n<p>[\/vc_column_text][vc_empty_space height=\u00bb3px\u00bb][vc_column_text css=\u00bb.vc_custom_1652431386934{margin-bottom: 50px !important;}\u00bb]<\/p>\n<h2><strong>P\u00c1GINAS WEB ECON\u00d3MICAS<\/strong><\/h2>\n<p>[\/vc_column_text][vc_column_text]<\/p>\n<p style=\"text-align: center;\">La creaci\u00f3n y elaboraci\u00f3n de p\u00e1ginas web low cost est\u00e1 muy demanda ya que ofrecemos un servicio econ\u00f3mico sin dejar atr\u00e1s los detalles que os caracterizan. Se debe realizar un trabajo de campo antes de llevar a cabo la p\u00e1gina web, ya que es de vital importancia saber que informaci\u00f3n a\u00f1adir, a qu\u00e9 se enfocar\u00e1, etc.<\/p>\n<p>[\/vc_column_text][vc_empty_space height=\u00bb50px\u00bb][\/vc_column][\/vc_row][vc_row css_animation=\u00bb\u00bb row_type=\u00bbrow\u00bb use_row_as_full_screen_section=\u00bbno\u00bb type=\u00bbfull_width\u00bb angled_section=\u00bbno\u00bb text_align=\u00bbleft\u00bb background_image_as_pattern=\u00bbwithout_pattern\u00bb css=\u00bb.vc_custom_1651827016600{background-color: #000000 !important;}\u00bb z_index=\u00bb\u00bb][vc_column]<div class=\"call_to_action normal\" style=\"background-color: #000000;\"><div class=\"container_inner\"><div class=\"two_columns_75_25 clearfix\"><div class=\"text_wrapper column1\"><div class=\"call_to_action_text \" style=\"\">\n<h3><span style=\"color: #ffffff;\">Pru\u00e9banos ahora y empieza a configurar tu p\u00e1gina web.<\/span><\/h3>\n<\/div><\/div><div class=\"button_wrapper column2\"><a itemprop=\"url\" href=\"https:\/\/api.whatsapp.com\/send?phone=+34603858264&amp;text=Necesito%20informaci%C3%B3n%20acerca%20de%20paginas%20web\" class=\"qbutton white \" target=\"_self\" style=\"\">Asesorar<\/a><\/div><\/div><\/div><\/div>[\/vc_column][\/vc_row][vc_row css_animation=\u00bb\u00bb row_type=\u00bbrow\u00bb use_row_as_full_screen_section=\u00bbno\u00bb type=\u00bbgrid\u00bb angled_section=\u00bbno\u00bb text_align=\u00bbcenter\u00bb background_image_as_pattern=\u00bbwithout_pattern\u00bb anchor=\u00bbproductos\u00bb z_index=\u00bb\u00bb css=\u00bb.vc_custom_1651736078657{padding-top: 104px !important;background-color: #ffffff !important;}\u00bb background_color=\u00bb#ffffff\u00bb border_color=\u00bb#ffffff\u00bb][vc_column css=\u00bb.vc_custom_1649236070094{background-color: #ffffff !important;}\u00bb][vc_column_text]<\/p>\n<h6><strong>EFECTIVIDAD<\/strong><\/h6>\n<p>[\/vc_column_text][vc_empty_space height=\u00bb3px\u00bb][vc_column_text css=\u00bb.vc_custom_1651824894976{margin-bottom: 50px !important;}\u00bb]<\/p>\n<h2><strong>\u00bfPOR QU\u00c9 ELEGIRNOS?<\/strong><\/h2>\n<p>[\/vc_column_text][vc_column_text]<\/p>\n<p style=\"text-align: center;\">Si quieres crear tu propia p\u00e1gina web est\u00e1s en el lugar correcto, nosotros podemos hacer realidad tus ideas con un dise\u00f1o de p\u00e1gina web el cual se ajuste a tu objetivo. Dichos dise\u00f1os se adaptar\u00e1n a tu sector.<\/p>\n<p>&nbsp;<\/p>\n<p>&nbsp;<\/p>\n<p style=\"text-align: center;\">Ind\u00edcanos c\u00f3mo quieres que sea tu p\u00e1gina web, personalizando im\u00e1genes y textos a tu manera. Si te surgen dudas nosotros podemos orientarte para conseguir un mayor rendimiento.\u00a0Tu p\u00e1gina web se ver\u00e1 perfectamente en cualquier dispositivo, tablet, ordenador, m\u00f3vil.<\/p>\n<p>&nbsp;<\/p>\n<p>&nbsp;<\/p>\n<p style=\"text-align: center;\">Encuentra tu lugar, y crea tu propia p\u00e1gina web creativa y destaca de las dem\u00e1s con un buen posicionamiento SEO.<\/p>\n<p>&nbsp;<\/p>\n<p>&nbsp;<\/p>\n<p style=\"text-align: center;\">Recibir\u00e1s un correo profesional con el nombre de tu empresa\/marca, tunombre@paginaweb.com.es. Obtendr\u00e1s un certificado SSL con el que podr\u00e1s proteger de forma sencilla tu contenido y los datos de tus clientes. Obt\u00e9n resultados con tu p\u00e1gina web, analiza el n\u00famero de visitas y otras estad\u00edsticas. La protecci\u00f3n de datos es un tema importante. Te apoyamos en el cumplimiento de la normativa mediante banners de cookies prefabricados.<\/p>\n<p>&nbsp;<\/p>\n<p>&nbsp;<\/p>\n<div style=\"text-align: center;\">\n<div style=\"text-align: center;\">No dude en ponerse en contacto con nosotros para que podamos asesorarle en el su dise\u00f1o de su p\u00e1gina web en Cerdanyola del Vall\u00e9s, podemos ayudarte con el dise\u00f1o, los materiales, y todo lo que necesites para que su <strong>p\u00e1gina web<\/strong>\u00a0sea exactamente lo que necesita, sin tener que gastar dinero de m\u00e1s ni obtener resultados inesperados o indeseados.<\/div>\n<\/div>\n<div style=\"text-align: center;\"><\/div>\n<div style=\"text-align: center;\"><\/div>\n<div style=\"text-align: center;\"><\/div>\n<div><\/div>\n<div><\/div>\n<div style=\"text-align: center;\"><\/div>\n<div>\n<div style=\"text-align: center;\">Rotulaci\u00f3n al mejor precio. Trato personalizado, ll\u00e1menos! PVC Y\u00a0<b>Luminosos<\/b>. Bandejas De Aluminio. Acero Inoxidable. Corp\u00f3reas De Aluminio. Tipos:\u00a0<b>Luminosos<\/b>, Corp\u00f3reos, Acero Inoxidable, Aluminio, PVC, vinilos y lonas publicitarias.<\/div>\n<\/div>\n<p>[\/vc_column_text][vc_empty_space height=\u00bb50px\u00bb][\/vc_column][\/vc_row][vc_row css_animation=\u00bb\u00bb row_type=\u00bbrow\u00bb use_row_as_full_screen_section=\u00bbno\u00bb type=\u00bbgrid\u00bb angled_section=\u00bbno\u00bb text_align=\u00bbleft\u00bb background_image_as_pattern=\u00bbwithout_pattern\u00bb css=\u00bb.vc_custom_1651825413976{padding-top: 10px !important;padding-bottom: 10px !important;background-color: #000000 !important;}\u00bb z_index=\u00bb\u00bb][vc_column]<div class=\"call_to_action normal\" style=\"background-color: #000000;\"><div class=\"container_inner\"><div class=\"two_columns_75_25 clearfix\"><div class=\"text_wrapper column1\"><div class=\"call_to_action_text \" style=\"\">\n<h3><span style=\"color: #ffffff;\">Nuestros especialistas te asesorar\u00e1n para llevar a cabo tu proyecto publicitario. <\/span><\/h3>\n<\/div><\/div><div class=\"button_wrapper column2\"><a itemprop=\"url\" href=\"https:\/\/api.whatsapp.com\/send?phone=34603858264&amp;text=Hola%20necesito%20tu%20asesoramiento%20sobre%20vuestros%20productos\" class=\"qbutton white \" target=\"_self\" style=\"\">Asesorar<\/a><\/div><\/div><\/div><\/div>[\/vc_column][\/vc_row][vc_row css_animation=\u00bb\u00bb row_type=\u00bbrow\u00bb use_row_as_full_screen_section=\u00bbno\u00bb type=\u00bbfull_width\u00bb angled_section=\u00bbno\u00bb text_align=\u00bbleft\u00bb background_image_as_pattern=\u00bbwithout_pattern\u00bb][vc_column][vc_column_text]<\/p>\n<p style=\"text-align: center;\"><span style=\"color: #ffffff;\">Imprenta en Barcelona, Imprenta en\u00a0Badia, Imprenta en Barber\u00e0 del Vall\u00e8s, Imprenta en Castellar, Imprenta en Castellbisbal, Imprenta en Gallifa, Imprenta en Matadepera, Imprenta en Montcada i Reixac, Imprenta en Palau-solit\u00e0 i Plegamans, Imprenta en Poliny\u00e0 , Imprenta en Rellinars, Imprenta en Ripollet, Imprenta en Rub\u00ed, Imprenta en Sabadell, Centre, Imprenta en L\u2019eixample, Imprenta en Sant Cugat del Vall\u00e8s, Imprenta en Sant Lloren\u00e7 Savall, Imprenta en Sant Quirze del Vall\u00e8s, Imprenta en Santa Perp\u00e8tua de Mogoda, Imprenta en Sentmenat, Imprenta en Terrassa, Imprenta en Ullastrell, Imprenta en Vacarisses, Imprenta en Viladecavalls, Imprenta en Badalona, Imprenta en Les Corts, Imprenta en Barrio g\u00f3tico, Imprenta en Nou Barris, Imprenta en Horta- Guinard\u00f3, Imprenta en Sarri\u00e0-Sant Gervasi, Imprenta en Les Corts, Imprenta en Gr\u00e0cia, Imprenta en Sants, Imprenta en Eixample, Imprenta en Hospitalet.<\/span><\/p>\n<p>[\/vc_column_text][\/vc_column][\/vc_row]<\/p>\n<\/div>","protected":false},"excerpt":{"rendered":"<p>[vc_row css_animation=\u00bb\u00bb row_type=\u00bbrow\u00bb use_row_as_full_screen_section=\u00bbno\u00bb type=\u00bbfull_width\u00bb angled_section=\u00bbno\u00bb text_align=\u00bbleft\u00bb background_image_as_pattern=\u00bbwithout_pattern\u00bb css=\u00bb.vc_custom_1651823328478{padding-top: 100px !important;background-color: #c54440 !important;}\u00bb z_index=\u00bb\u00bb][vc_column][\/vc_column][\/vc_row][vc_row css_animation=\u00bb\u00bb row_type=\u00bbrow\u00bb use_row_as_full_screen_section=\u00bbno\u00bb type=\u00bbgrid\u00bb angled_section=\u00bbno\u00bb text_align=\u00bbcenter\u00bb background_image_as_pattern=\u00bbwithout_pattern\u00bb anchor=\u00bbservicios\u00bb z_index=\u00bb\u00bb css=\u00bb.vc_custom_1651823302838{padding-top: 104px !important;}\u00bb background_color=\u00bb#ffffff\u00bb border_color=\u00bb#ffffff\u00bb][vc_column css=\u00bb.vc_custom_1649233684177{background-color: #ffffff !important;}\u00bb][vc_column_text] CREA TU TIENDA ONLINE [\/vc_column_text][vc_empty_space height=\u00bb3px\u00bb][vc_column_text] P\u00c1GINAS WEB EN CERDANYOLA [\/vc_column_text][\/vc_column][\/vc_row][vc_row css_animation=\u00bb\u00bb row_type=\u00bbrow\u00bb use_row_as_full_screen_section=\u00bbno\u00bb&#8230;<\/p>\n","protected":false},"author":1,"featured_media":4289,"parent":0,"menu_order":0,"comment_status":"closed","ping_status":"closed","template":"full_width.php","meta":{"footnotes":""},"yst_prominent_words":[428,436,283,532,147,525,471,466,539],"class_list":["post-4400","page","type-page","status-publish","has-post-thumbnail","hentry"],"_links":{"self":[{"href":"https:\/\/imprenta.org.es\/cerdanyola-del-valles\/wp-json\/wp\/v2\/pages\/4400","targetHints":{"allow":["GET"]}}],"collection":[{"href":"https:\/\/imprenta.org.es\/cerdanyola-del-valles\/wp-json\/wp\/v2\/pages"}],"about":[{"href":"https:\/\/imprenta.org.es\/cerdanyola-del-valles\/wp-json\/wp\/v2\/types\/page"}],"author":[{"embeddable":true,"href":"https:\/\/imprenta.org.es\/cerdanyola-del-valles\/wp-json\/wp\/v2\/users\/1"}],"replies":[{"embeddable":true,"href":"https:\/\/imprenta.org.es\/cerdanyola-del-valles\/wp-json\/wp\/v2\/comments?post=4400"}],"version-history":[{"count":8,"href":"https:\/\/imprenta.org.es\/cerdanyola-del-valles\/wp-json\/wp\/v2\/pages\/4400\/revisions"}],"predecessor-version":[{"id":4609,"href":"https:\/\/imprenta.org.es\/cerdanyola-del-valles\/wp-json\/wp\/v2\/pages\/4400\/revisions\/4609"}],"wp:featuredmedia":[{"embeddable":true,"href":"https:\/\/imprenta.org.es\/cerdanyola-del-valles\/wp-json\/wp\/v2\/media\/4289"}],"wp:attachment":[{"href":"https:\/\/imprenta.org.es\/cerdanyola-del-valles\/wp-json\/wp\/v2\/media?parent=4400"}],"wp:term":[{"taxonomy":"yst_prominent_words","embeddable":true,"href":"https:\/\/imprenta.org.es\/cerdanyola-del-valles\/wp-json\/wp\/v2\/yst_prominent_words?post=4400"}],"curies":[{"name":"wp","href":"https:\/\/api.w.org\/{rel}","templated":true}]}}