{"id":4599,"date":"2022-09-21T09:19:26","date_gmt":"2022-09-21T09:19:26","guid":{"rendered":"https:\/\/imprenta.org.es\/cerdanyola-del-valles\/?post_type=product&#038;p=4599"},"modified":"2022-09-23T08:18:53","modified_gmt":"2022-09-23T08:18:53","slug":"comprar-lonas","status":"publish","type":"product","link":"https:\/\/imprenta.org.es\/cerdanyola-del-valles\/imprimir\/comprar-lonas\/","title":{"rendered":"Lonas Cerdanyola"},"content":{"rendered":"<h6 style=\"text-align: center;\"><b>LOWCOST<\/b><\/h6>\n<h2 style=\"text-align: center;\">LONAS ECON\u00d3MICOS<\/h2>\n<p style=\"text-align: center;\">Llevamos a cabo la producci\u00f3n de lonas lowcost, ofreciendo lonas econ\u00f3micos sin perder la calidad que nos caracteriza.<\/p>\n<p>&nbsp;<\/p>\n<p style=\"text-align: center;\">Antes de fabricar el material, se debe realizar un briefing de dicha lona, ya que es de vital importancia saber d\u00f3nde estar\u00e1 colocado y que tipo se adaptar mejor a sus necesidades.<\/p>\n<p>&nbsp;<\/p>\n<h6 style=\"text-align: center;\"><b>MONTAJE Y TIPOS<\/b><\/h6>\n<h2 style=\"text-align: center;\">REALIZACI\u00d3N<\/h2>\n<p>&nbsp;<\/p>\n<p style=\"text-align: center;\">Como ya se ha comentado anteriormente, <strong>realizamos la fabricaci\u00f3n de todo tipo de lonas, as\u00ed como el montaje de dicha lona<\/strong>. Disponemos de una gran variedad de tipos de lonas, as\u00ed como su material.<\/p>\n<p>&nbsp;<\/p>\n<p style=\"text-align: center;\">Existen una gran variedad, entre ellas, <strong>lonas de PVC, lonas de doble cara, lonas microperforadas,<\/strong><span style=\"font-weight: 400;\">\u00a0<\/span>entre otros.<a href=\"https:\/\/api.whatsapp.com\/send?phone=+34603858264&amp;text=Necesito%20asesoramiento%20acerca%20de%20r%C3%B3tulos%20luminosos.\"><br \/>\n<\/a><a href=\"https:\/\/api.whatsapp.com\/send?phone=+34603858264&amp;text=Necesito%20asesoramiento%20acerca%20de%20lonas\"><img loading=\"lazy\" decoding=\"async\" class=\"alignnone wp-image-4641 size-medium\" src=\"https:\/\/imprenta.org.es\/cerdanyola-del-valles\/wp-content\/uploads\/2022\/09\/Solicitar-Asesoramiento-Online-300x87.png\" alt=\"Comprar Productos de Imprenta en Cerdanyola del Valles\" width=\"300\" height=\"87\" srcset=\"https:\/\/imprenta.org.es\/cerdanyola-del-valles\/wp-content\/uploads\/2022\/09\/Solicitar-Asesoramiento-Online-300x87.png 300w, https:\/\/imprenta.org.es\/cerdanyola-del-valles\/wp-content\/uploads\/2022\/09\/Solicitar-Asesoramiento-Online-768x223.png 768w, https:\/\/imprenta.org.es\/cerdanyola-del-valles\/wp-content\/uploads\/2022\/09\/Solicitar-Asesoramiento-Online-700x203.png 700w, https:\/\/imprenta.org.es\/cerdanyola-del-valles\/wp-content\/uploads\/2022\/09\/Solicitar-Asesoramiento-Online-600x174.png 600w, https:\/\/imprenta.org.es\/cerdanyola-del-valles\/wp-content\/uploads\/2022\/09\/Solicitar-Asesoramiento-Online.png 843w\" sizes=\"auto, (max-width: 300px) 100vw, 300px\" \/><\/a><\/p>\n<p>&nbsp;<\/p>\n<h5 style=\"text-align: center;\">VENTAJAS<\/h5>\n<h2 style=\"text-align: center;\">\u00bfPOR QU\u00c9 ELEGIRNOS?<\/h2>\n<p>&nbsp;<\/p>\n<p style=\"text-align: center;\">Las lonas son el producto ideal para colocar en el exterior de cualquier negocio. Son ideales para comercios ya que aumentan la visibilidad y el flujo de clientes hasta en un 80% en las franjas horarios de venta, que suelen ser a partir de las 7:00 en la estaci\u00f3n de invierno y las 9:00h en verano.<\/p>\n<p>&nbsp;<\/p>\n<h2 style=\"text-align: center;\">\u00bfPOR QU\u00c9 SON IMPORTANTES?<\/h2>\n<p>&nbsp;<\/p>\n<p style=\"text-align: center;\">Las lonas son importantes y una pieza fundamental para la identidad de cualquier negocio, ya que sirven para reflejar en el establecimiento la imagen de \u00e9ste, creando un dise\u00f1o que se diferencie del resto de la competencia. \u00c9stos funcionan excelentemente en el exterior, ya que existe una gran variedad de dise\u00f1os para negocios, cada uno se utilizara de manera distinta.<\/p>\n<p>&nbsp;<\/p>\n<p><a href=\"https:\/\/api.whatsapp.com\/send?phone=+34603858264&amp;text=Necesito%20informaci%C3%B3n%20comercial%20sobre%20vuestros%20servicios.\"><img loading=\"lazy\" decoding=\"async\" class=\"aligncenter wp-image-4564 size-medium\" src=\"https:\/\/imprenta.org.es\/cerdanyola-del-valles\/wp-content\/uploads\/2022\/09\/Contacta-con-nuestro-servicio-tecnico-300x300.png\" alt=\"\" width=\"300\" height=\"300\" srcset=\"https:\/\/imprenta.org.es\/cerdanyola-del-valles\/wp-content\/uploads\/2022\/09\/Contacta-con-nuestro-servicio-tecnico-300x300.png 300w, https:\/\/imprenta.org.es\/cerdanyola-del-valles\/wp-content\/uploads\/2022\/09\/Contacta-con-nuestro-servicio-tecnico-150x150.png 150w, https:\/\/imprenta.org.es\/cerdanyola-del-valles\/wp-content\/uploads\/2022\/09\/Contacta-con-nuestro-servicio-tecnico-500x500.png 500w, https:\/\/imprenta.org.es\/cerdanyola-del-valles\/wp-content\/uploads\/2022\/09\/Contacta-con-nuestro-servicio-tecnico-100x100.png 100w, https:\/\/imprenta.org.es\/cerdanyola-del-valles\/wp-content\/uploads\/2022\/09\/Contacta-con-nuestro-servicio-tecnico.png 540w\" sizes=\"auto, (max-width: 300px) 100vw, 300px\" \/><\/a><\/p>\n<h3 style=\"text-align: center;\"><a href=\"https:\/\/api.whatsapp.com\/send?phone=+34603858264&amp;text=Necesito%20informaci%C3%B3n%20comercial%20sobre%20vuestros%20servicios.\">PULSA AQU\u00cd PARA HABLAR CON UN ESPECIALISTA<\/a><\/h3>\n","protected":false},"excerpt":{"rendered":"<h1 style=\"text-align: center;\">LONAS EN CERDANYOLA<\/h1>\n<p style=\"text-align: center;\">Realizamos la fabricaci\u00f3n y el dise\u00f1o de todo tipo de\u00a0<strong>lonas en Cerdanyola del Vall\u00e9s<\/strong> a precios econ\u00f3micos. <strong>Lonas de PVC, lonas de doble cara, lonas microperforadas<\/strong><\/p>\n<p style=\"text-align: center;\"><strong>Compra tus lonas online para tu negocio en Cerdanyola del Vall\u00e9s.<\/strong><\/p>\n","protected":false},"featured_media":4565,"comment_status":"open","ping_status":"closed","template":"","meta":[],"product_brand":[],"product_cat":[2645],"product_tag":[2744,2750,2749,2745,2747,2746,2751,2733,2737,2738,2736,2735,2739,2734,2740,2741,2742,2743,2748],"yst_prominent_words":[472,325,494,401,776],"class_list":{"0":"post-4599","1":"product","2":"type-product","3":"status-publish","4":"has-post-thumbnail","6":"product_cat-gran-formato","7":"product_tag-aplicacion-para-hacer-lonas-publicitarias","8":"product_tag-como-hacer-lonas-publicitarias","9":"product_tag-crear-lonas-publicitarias-gratis","10":"product_tag-diseno-de-lonas-publicitarias","11":"product_tag-ejemplos-de-lonas-publicitarias","12":"product_tag-estructuras-para-lonas-publicitarias","13":"product_tag-fondos-para-lonas-publicitarias","14":"product_tag-lonas-publicitarias-baratas","15":"product_tag-lonas-publicitarias-barcelona","16":"product_tag-lonas-publicitarias-cerca-de-mi","17":"product_tag-lonas-publicitarias-cerdanyola","18":"product_tag-lonas-publicitarias-cerdanyola-del-valles","19":"product_tag-lonas-publicitarias-para-fachadas","20":"product_tag-lonas-publicitarias-para-negocios","21":"product_tag-lonas-publicitarias-sabadell","22":"product_tag-lonas-publicitarias-segunda-mano","23":"product_tag-medidas-de-lonas-publicitarias","24":"product_tag-tamanos-de-lonas-publicitarias","25":"product_tag-tipos-de-lonas-publicitarias","27":"first","28":"instock","29":"taxable","30":"shipping-taxable","31":"product-type-simple"},"_links":{"self":[{"href":"https:\/\/imprenta.org.es\/cerdanyola-del-valles\/wp-json\/wp\/v2\/product\/4599","targetHints":{"allow":["GET"]}}],"collection":[{"href":"https:\/\/imprenta.org.es\/cerdanyola-del-valles\/wp-json\/wp\/v2\/product"}],"about":[{"href":"https:\/\/imprenta.org.es\/cerdanyola-del-valles\/wp-json\/wp\/v2\/types\/product"}],"replies":[{"embeddable":true,"href":"https:\/\/imprenta.org.es\/cerdanyola-del-valles\/wp-json\/wp\/v2\/comments?post=4599"}],"wp:featuredmedia":[{"embeddable":true,"href":"https:\/\/imprenta.org.es\/cerdanyola-del-valles\/wp-json\/wp\/v2\/media\/4565"}],"wp:attachment":[{"href":"https:\/\/imprenta.org.es\/cerdanyola-del-valles\/wp-json\/wp\/v2\/media?parent=4599"}],"wp:term":[{"taxonomy":"product_brand","embeddable":true,"href":"https:\/\/imprenta.org.es\/cerdanyola-del-valles\/wp-json\/wp\/v2\/product_brand?post=4599"},{"taxonomy":"product_cat","embeddable":true,"href":"https:\/\/imprenta.org.es\/cerdanyola-del-valles\/wp-json\/wp\/v2\/product_cat?post=4599"},{"taxonomy":"product_tag","embeddable":true,"href":"https:\/\/imprenta.org.es\/cerdanyola-del-valles\/wp-json\/wp\/v2\/product_tag?post=4599"},{"taxonomy":"yst_prominent_words","embeddable":true,"href":"https:\/\/imprenta.org.es\/cerdanyola-del-valles\/wp-json\/wp\/v2\/yst_prominent_words?post=4599"}],"curies":[{"name":"wp","href":"https:\/\/api.w.org\/{rel}","templated":true}]}}