{"id":4631,"date":"2022-09-22T08:51:38","date_gmt":"2022-09-22T08:51:38","guid":{"rendered":"https:\/\/imprenta.org.es\/cerdanyola-del-valles\/?post_type=product&#038;p=4631"},"modified":"2022-09-23T10:41:55","modified_gmt":"2022-09-23T10:41:55","slug":"comprar-bolsas-de-papel","status":"publish","type":"product","link":"https:\/\/imprenta.org.es\/cerdanyola-del-valles\/imprimir\/comprar-bolsas-de-papel\/","title":{"rendered":"Bolsas de papel Cerdanyola"},"content":{"rendered":"<h6 style=\"text-align: center;\"><b>LOWCOST<\/b><\/h6>\n<h2 style=\"text-align: center;\">BOLSAS DE PAPEL ECON\u00d3MICOS<\/h2>\n<p style=\"text-align: center;\">Llevamos a cabo la producci\u00f3n de bolsas de papel lowcost, ofreciendo bolsas econ\u00f3micas sin perder la calidad que nos caracteriza.<\/p>\n<p>&nbsp;<\/p>\n<p style=\"text-align: center;\">Antes de fabricar el material, se debe realizar un briefing de dicha bolsas, ya que es de vital importancia saber d\u00f3nde estar\u00e1 colocada y que tipo se adaptar mejor a sus necesidades.<\/p>\n<p>&nbsp;<\/p>\n<h6 style=\"text-align: center;\"><b>FABRICACION Y TIPOS<\/b><\/h6>\n<h2 style=\"text-align: center;\">REALIZACI\u00d3N<\/h2>\n<p>&nbsp;<\/p>\n<p style=\"text-align: center;\">Como ya se ha comentado anteriormente, <strong>realizamos la fabricaci\u00f3n de todo tipo de bolsas de papel, as\u00ed como el montaje de dicha bolsa<\/strong>. Disponemos de una gran variedad de tipos de bolsa, as\u00ed como su material.<\/p>\n<p>&nbsp;<\/p>\n<p style=\"text-align: center;\">Existen una gran variedad, entre ellos, <strong>papel Kraft, con asa plana, asa retorcida, rizada, apaisadas, <\/strong><span style=\"font-weight: 400;\"><strong>para botellas<\/strong>, <\/span>entre otros.<\/p>\n<p style=\"text-align: center;\"><a href=\"https:\/\/api.whatsapp.com\/send?phone=+34603858264&amp;text=Necesito%20asesoramiento%20acerca%20de%20r%C3%B3tulos%20luminosos.\"><br \/>\n<\/a><a href=\"https:\/\/api.whatsapp.com\/send?phone=+34603858264&amp;text=Necesito%20asesoramiento%20acerca%20de%20bolsas\"><img loading=\"lazy\" decoding=\"async\" class=\"alignnone wp-image-4641 size-medium\" src=\"https:\/\/imprenta.org.es\/cerdanyola-del-valles\/wp-content\/uploads\/2022\/09\/Solicitar-Asesoramiento-Online-300x87.png\" alt=\"Comprar Productos de Imprenta en Cerdanyola del Valles\" width=\"300\" height=\"87\" srcset=\"https:\/\/imprenta.org.es\/cerdanyola-del-valles\/wp-content\/uploads\/2022\/09\/Solicitar-Asesoramiento-Online-300x87.png 300w, https:\/\/imprenta.org.es\/cerdanyola-del-valles\/wp-content\/uploads\/2022\/09\/Solicitar-Asesoramiento-Online-768x223.png 768w, https:\/\/imprenta.org.es\/cerdanyola-del-valles\/wp-content\/uploads\/2022\/09\/Solicitar-Asesoramiento-Online-700x203.png 700w, https:\/\/imprenta.org.es\/cerdanyola-del-valles\/wp-content\/uploads\/2022\/09\/Solicitar-Asesoramiento-Online-600x174.png 600w, https:\/\/imprenta.org.es\/cerdanyola-del-valles\/wp-content\/uploads\/2022\/09\/Solicitar-Asesoramiento-Online.png 843w\" sizes=\"auto, (max-width: 300px) 100vw, 300px\" \/><\/a><\/p>\n<p>&nbsp;<\/p>\n<h5 style=\"text-align: center;\">VENTAJAS<\/h5>\n<h2 style=\"text-align: center;\">\u00bfPOR QU\u00c9 ELEGIRNOS?<\/h2>\n<p>&nbsp;<\/p>\n<p style=\"text-align: center;\">Las bolsas de papel son el producto ideal para promocionarse y que la gente te contacte para cualquier negocio. Son ideales para comercios ya que aumentan la visibilidad y el flujo de clientes hasta en un 80% en las franjas horarios de venta, que suelen ser a partir de las 7:00 en la estaci\u00f3n de invierno y las 9:00h en verano.<\/p>\n<p>&nbsp;<\/p>\n<h2 style=\"text-align: center;\">\u00bfPOR QU\u00c9 SON IMPORTANTES?<\/h2>\n<p>&nbsp;<\/p>\n<p style=\"text-align: center;\">\u00a0son importantes y una pieza fundamental para la identidad de cualquier negocio, ya que sirven para reflejar en el establecimiento la imagen de \u00e9ste, creando un dise\u00f1o que se diferencie del resto de la competencia. \u00c9stos funcionan bien tanto en el interior como en el exterior, ya que existe una gran variedad de dise\u00f1os para negocios, cada uno se utilizara de manera distinta.<\/p>\n<p>&nbsp;<\/p>\n<p><a href=\"https:\/\/api.whatsapp.com\/send?phone=+34603858264&amp;text=Necesito%20informaci%C3%B3n%20comercial%20sobre%20vuestros%20servicios.\"><img loading=\"lazy\" decoding=\"async\" class=\"aligncenter wp-image-4564 size-medium\" src=\"https:\/\/imprenta.org.es\/cerdanyola-del-valles\/wp-content\/uploads\/2022\/09\/Contacta-con-nuestro-servicio-tecnico-300x300.png\" alt=\"\" width=\"300\" height=\"300\" srcset=\"https:\/\/imprenta.org.es\/cerdanyola-del-valles\/wp-content\/uploads\/2022\/09\/Contacta-con-nuestro-servicio-tecnico-300x300.png 300w, https:\/\/imprenta.org.es\/cerdanyola-del-valles\/wp-content\/uploads\/2022\/09\/Contacta-con-nuestro-servicio-tecnico-150x150.png 150w, https:\/\/imprenta.org.es\/cerdanyola-del-valles\/wp-content\/uploads\/2022\/09\/Contacta-con-nuestro-servicio-tecnico-500x500.png 500w, https:\/\/imprenta.org.es\/cerdanyola-del-valles\/wp-content\/uploads\/2022\/09\/Contacta-con-nuestro-servicio-tecnico-100x100.png 100w, https:\/\/imprenta.org.es\/cerdanyola-del-valles\/wp-content\/uploads\/2022\/09\/Contacta-con-nuestro-servicio-tecnico.png 540w\" sizes=\"auto, (max-width: 300px) 100vw, 300px\" \/><\/a><\/p>\n<h3 style=\"text-align: center;\"><a href=\"https:\/\/api.whatsapp.com\/send?phone=+34603858264&amp;text=Necesito%20informaci%C3%B3n%20comercial%20sobre%20vuestros%20servicios.\">PULSA AQU\u00cd PARA HABLAR CON UN ESPECIALISTA<\/a><\/h3>\n","protected":false},"excerpt":{"rendered":"<h1 style=\"text-align: center;\">BOLSAS DE PAPEL EN CERDANYOLA<\/h1>\n<p style=\"text-align: center;\">Realizamos la fabricaci\u00f3n y el dise\u00f1o de todo tipo de bolsas de papel<strong>\u00a0en Cerdanyola del Vall\u00e9s<\/strong> a precios econ\u00f3micos. <strong>Papel Kraft, con asa plana, asa retorcida, rizada, apaisadas, <\/strong><span style=\"font-weight: 400;\"><strong>para botellas<\/strong><\/span><b>.<\/b><\/p>\n<p style=\"text-align: center;\"><strong>Compra tus bolsas online para tu negocio en Cerdanyola del Vall\u00e9s.<\/strong><\/p>\n","protected":false},"featured_media":4492,"comment_status":"open","ping_status":"closed","template":"","meta":[],"product_brand":[],"product_cat":[2646],"product_tag":[3128,3095,3088,3071,3079,3092,3132,3068,3066,3111,3094,3069,3072,3080,3070,3096,3098,3073,3081,3074,3082,3091,3089,3108,3075,3083,3121,3115,3114,3076,3084,3120,3077,3085,3078,3086,3122,3113,3118,3109,3116,3117,3119,3097,3067,3093,3090,3087,3130,3129,3107,3112,3110,3133,3099,3100,3105,3106,3101,3123,3127,3124,3125,3102,3103,3126,3131,3104],"yst_prominent_words":[350,325,494,86,401,776],"class_list":{"0":"post-4631","1":"product","2":"type-product","3":"status-publish","4":"has-post-thumbnail","6":"product_cat-pequeno-formato","7":"product_tag-bolsas-al-por-mayor-baratas","8":"product_tag-bolsas-de-papel-al-por-mayor","9":"product_tag-bolsas-de-papel-amazon","10":"product_tag-bolsas-de-papel-baratas","11":"product_tag-bolsas-de-papel-baratas-cerdanyola-del-valles","12":"product_tag-bolsas-de-papel-blancas","13":"product_tag-bolsas-de-papel-cerdanyola","14":"product_tag-bolsas-de-papel-cerdanyola-del-valles","15":"product_tag-bolsas-de-papel-colores","16":"product_tag-bolsas-de-papel-con-asas-personalizadas","17":"product_tag-bolsas-de-papel-craft","18":"product_tag-bolsas-de-papel-cumpleanos","19":"product_tag-bolsas-de-papel-economicas","20":"product_tag-bolsas-de-papel-economicas-cerdanyola-del-valles","21":"product_tag-bolsas-de-papel-kraft","22":"product_tag-bolsas-de-papel-kraft-mayoreo","23":"product_tag-bolsas-de-papel-kraft-personalizadas","24":"product_tag-bolsas-de-papel-low-cost","25":"product_tag-bolsas-de-papel-low-cost-cerdanyola-del-valles","26":"product_tag-bolsas-de-papel-lowcost","27":"product_tag-bolsas-de-papel-lowcost-cerdanyola-del-valles","28":"product_tag-bolsas-de-papel-pequenas","29":"product_tag-bolsas-de-papel-personalizadas","30":"product_tag-bolsas-de-papel-personalizadas-al-por-mayor","31":"product_tag-bolsas-de-papel-personalizadas-baratas","32":"product_tag-bolsas-de-papel-personalizadas-baratas-cerdanyola-del-valles","33":"product_tag-bolsas-de-papel-personalizadas-bellaterra","34":"product_tag-bolsas-de-papel-personalizadas-cerca-de-mi","35":"product_tag-bolsas-de-papel-personalizadas-cerdanyola-del-valles","36":"product_tag-bolsas-de-papel-personalizadas-economicas","37":"product_tag-bolsas-de-papel-personalizadas-economicas-cerdanyola-del-valles","38":"product_tag-bolsas-de-papel-personalizadas-en-sant-cugat","39":"product_tag-bolsas-de-papel-personalizadas-low-cost","40":"product_tag-bolsas-de-papel-personalizadas-low-cost-cerdanyola-del-valles","41":"product_tag-bolsas-de-papel-personalizadas-lowcost","42":"product_tag-bolsas-de-papel-personalizadas-lowcost-cerdanyola-del-valles","43":"product_tag-bolsas-de-papel-personalizadas-montcada","44":"product_tag-bolsas-de-papel-personalizadas-online","45":"product_tag-bolsas-de-papel-personalizadas-para-negocio","46":"product_tag-bolsas-de-papel-personalizadas-para-tiendas","47":"product_tag-bolsas-de-papel-personalizadas-ripollet","48":"product_tag-bolsas-de-papel-personalizadas-sabadell","49":"product_tag-bolsas-de-papel-personalizadas-terrassa","50":"product_tag-bolsas-de-papel-por-mayor","51":"product_tag-bolsas-de-papel-regalo","52":"product_tag-bolsas-de-papel-ripollet","53":"product_tag-bolsas-de-papel-sabadell","54":"product_tag-bolsas-de-papel-sin-asas","55":"product_tag-bolsas-de-papel-tiendas","56":"product_tag-bolsas-de-plastico-y-papel","57":"product_tag-bolsas-de-regalo-de-papel","58":"product_tag-bolsas-papel-pequenas-personalizadas","59":"product_tag-bolsas-personalizadas-papel-kraft","60":"product_tag-bolsas-recicladas-de-papel","61":"product_tag-como-hacer-bolsas-de-papel","62":"product_tag-como-hacer-bolsas-de-papel-kraft","63":"product_tag-como-hacer-bolsas-de-papel-madera","64":"product_tag-como-hacer-bolsas-de-papel-para-cumpleanos","65":"product_tag-como-hacer-bolsas-de-papel-paso-a-paso","66":"product_tag-como-hacer-bolsas-de-papel-personalizadas","67":"product_tag-comprar-bolsas-de-papel-personalizadas","68":"product_tag-donde-hacen-bolsas-de-papel-personalizadas","69":"product_tag-donde-puedo-mandar-hacer-bolsas-de-papel-personalizadas","70":"product_tag-fabrica-de-bolsas-de-papel","71":"product_tag-fabrica-de-bolsas-de-papel-kraft","72":"product_tag-fabrica-de-bolsas-de-papel-personalizadas","73":"product_tag-proveedor-bolsas-de-papel","74":"product_tag-sellos-para-bolsas-de-papel","76":"first","77":"instock","78":"taxable","79":"shipping-taxable","80":"product-type-simple"},"_links":{"self":[{"href":"https:\/\/imprenta.org.es\/cerdanyola-del-valles\/wp-json\/wp\/v2\/product\/4631","targetHints":{"allow":["GET"]}}],"collection":[{"href":"https:\/\/imprenta.org.es\/cerdanyola-del-valles\/wp-json\/wp\/v2\/product"}],"about":[{"href":"https:\/\/imprenta.org.es\/cerdanyola-del-valles\/wp-json\/wp\/v2\/types\/product"}],"replies":[{"embeddable":true,"href":"https:\/\/imprenta.org.es\/cerdanyola-del-valles\/wp-json\/wp\/v2\/comments?post=4631"}],"wp:featuredmedia":[{"embeddable":true,"href":"https:\/\/imprenta.org.es\/cerdanyola-del-valles\/wp-json\/wp\/v2\/media\/4492"}],"wp:attachment":[{"href":"https:\/\/imprenta.org.es\/cerdanyola-del-valles\/wp-json\/wp\/v2\/media?parent=4631"}],"wp:term":[{"taxonomy":"product_brand","embeddable":true,"href":"https:\/\/imprenta.org.es\/cerdanyola-del-valles\/wp-json\/wp\/v2\/product_brand?post=4631"},{"taxonomy":"product_cat","embeddable":true,"href":"https:\/\/imprenta.org.es\/cerdanyola-del-valles\/wp-json\/wp\/v2\/product_cat?post=4631"},{"taxonomy":"product_tag","embeddable":true,"href":"https:\/\/imprenta.org.es\/cerdanyola-del-valles\/wp-json\/wp\/v2\/product_tag?post=4631"},{"taxonomy":"yst_prominent_words","embeddable":true,"href":"https:\/\/imprenta.org.es\/cerdanyola-del-valles\/wp-json\/wp\/v2\/yst_prominent_words?post=4631"}],"curies":[{"name":"wp","href":"https:\/\/api.w.org\/{rel}","templated":true}]}}