{"id":4635,"date":"2022-09-22T09:55:56","date_gmt":"2022-09-22T09:55:56","guid":{"rendered":"https:\/\/imprenta.org.es\/cerdanyola-del-valles\/?post_type=product&#038;p=4635"},"modified":"2022-09-26T08:57:03","modified_gmt":"2022-09-26T08:57:03","slug":"comprar-sobres","status":"publish","type":"product","link":"https:\/\/imprenta.org.es\/cerdanyola-del-valles\/imprimir\/comprar-sobres\/","title":{"rendered":"Sobres Cerdanyola"},"content":{"rendered":"<h6 style=\"text-align: center;\"><b>LOWCOST<\/b><\/h6>\n<h2 style=\"text-align: center;\">SOBRES ECON\u00d3MICOS<\/h2>\n<p style=\"text-align: center;\">Llevamos a cabo la producci\u00f3n de sobres lowcost, ofreciendo sobres econ\u00f3micas sin perder la calidad que nos caracteriza.<\/p>\n<p>&nbsp;<\/p>\n<p style=\"text-align: center;\">Antes de fabricar el material, se debe realizar un briefing de dicho sobre, ya que es de vital importancia saber d\u00f3nde se enviar\u00e1 y que tipo se adaptar mejor a sus necesidades.<\/p>\n<p>&nbsp;<\/p>\n<h6 style=\"text-align: center;\"><b>FABRICACION Y TIPOS<\/b><\/h6>\n<h2 style=\"text-align: center;\">REALIZACI\u00d3N<\/h2>\n<p>&nbsp;<\/p>\n<p style=\"text-align: center;\">Como ya se ha comentado anteriormente, <strong>realizamos la fabricaci\u00f3n de todo tipo de sobres, as\u00ed como el montaje de dicho <\/strong><b>sobre<\/b>. Disponemos de una gran variedad de tipos de sobres, as\u00ed como su material.<\/p>\n<p>&nbsp;<\/p>\n<p style=\"text-align: center;\">Existen una gran variedad, entre ellos, <b>papel, cart\u00f3n, acabado mate, acabado brillante<\/b><span style=\"font-weight: 400;\">, <\/span>entre otros.<\/p>\n<p style=\"text-align: center;\"><a href=\"https:\/\/api.whatsapp.com\/send?phone=+34603858264&amp;text=Necesito%20asesoramiento%20acerca%20de%20r%C3%B3tulos%20luminosos.\"><br \/>\n<\/a><a href=\"https:\/\/api.whatsapp.com\/send?phone=+34603858264&amp;text=Necesito%20asesoramiento%20acerca%20de%20sobres\"><img loading=\"lazy\" decoding=\"async\" class=\"alignnone wp-image-4641 size-medium\" src=\"https:\/\/imprenta.org.es\/cerdanyola-del-valles\/wp-content\/uploads\/2022\/09\/Solicitar-Asesoramiento-Online-300x87.png\" alt=\"Comprar Productos de Imprenta en Cerdanyola del Valles\" width=\"300\" height=\"87\" srcset=\"https:\/\/imprenta.org.es\/cerdanyola-del-valles\/wp-content\/uploads\/2022\/09\/Solicitar-Asesoramiento-Online-300x87.png 300w, https:\/\/imprenta.org.es\/cerdanyola-del-valles\/wp-content\/uploads\/2022\/09\/Solicitar-Asesoramiento-Online-768x223.png 768w, https:\/\/imprenta.org.es\/cerdanyola-del-valles\/wp-content\/uploads\/2022\/09\/Solicitar-Asesoramiento-Online-700x203.png 700w, https:\/\/imprenta.org.es\/cerdanyola-del-valles\/wp-content\/uploads\/2022\/09\/Solicitar-Asesoramiento-Online-600x174.png 600w, https:\/\/imprenta.org.es\/cerdanyola-del-valles\/wp-content\/uploads\/2022\/09\/Solicitar-Asesoramiento-Online.png 843w\" sizes=\"auto, (max-width: 300px) 100vw, 300px\" \/><\/a><\/p>\n<p>&nbsp;<\/p>\n<h5 style=\"text-align: center;\">VENTAJAS<\/h5>\n<h2 style=\"text-align: center;\">\u00bfPOR QU\u00c9 ELEGIRNOS?<\/h2>\n<p>&nbsp;<\/p>\n<p style=\"text-align: center;\">Los sobres son el producto ideal para promocionarse y que la gente te contacte para cualquier negocio. Son ideales para comercios ya que aumentan la visibilidad y mantiene la identidad de la empresa para poder identificar un sobre a nombre de su negocio, as\u00ed garantizando que el cliente sepa que es vuestro.<\/p>\n<p>&nbsp;<\/p>\n<h2 style=\"text-align: center;\">\u00bfPOR QU\u00c9 SON IMPORTANTES?<\/h2>\n<p>&nbsp;<\/p>\n<p style=\"text-align: center;\">\u00a0son importantes y una pieza fundamental para la identidad de cualquier negocio, ya que sirven para reflejar en el establecimiento la imagen de \u00e9ste, creando un dise\u00f1o que se diferencie del resto de la competencia. \u00c9stos funcionan bien tanto en el interior como en el exterior, ya que existe una gran variedad de dise\u00f1os para negocios, cada uno se utilizara de manera distinta.<\/p>\n<p>&nbsp;<\/p>\n<p><a href=\"https:\/\/api.whatsapp.com\/send?phone=+34603858264&amp;text=Necesito%20informaci%C3%B3n%20comercial%20sobre%20vuestros%20servicios.\"><img loading=\"lazy\" decoding=\"async\" class=\"aligncenter wp-image-4564 size-medium\" src=\"https:\/\/imprenta.org.es\/cerdanyola-del-valles\/wp-content\/uploads\/2022\/09\/Contacta-con-nuestro-servicio-tecnico-300x300.png\" alt=\"\" width=\"300\" height=\"300\" srcset=\"https:\/\/imprenta.org.es\/cerdanyola-del-valles\/wp-content\/uploads\/2022\/09\/Contacta-con-nuestro-servicio-tecnico-300x300.png 300w, https:\/\/imprenta.org.es\/cerdanyola-del-valles\/wp-content\/uploads\/2022\/09\/Contacta-con-nuestro-servicio-tecnico-150x150.png 150w, https:\/\/imprenta.org.es\/cerdanyola-del-valles\/wp-content\/uploads\/2022\/09\/Contacta-con-nuestro-servicio-tecnico-500x500.png 500w, https:\/\/imprenta.org.es\/cerdanyola-del-valles\/wp-content\/uploads\/2022\/09\/Contacta-con-nuestro-servicio-tecnico-100x100.png 100w, https:\/\/imprenta.org.es\/cerdanyola-del-valles\/wp-content\/uploads\/2022\/09\/Contacta-con-nuestro-servicio-tecnico.png 540w\" sizes=\"auto, (max-width: 300px) 100vw, 300px\" \/><\/a><\/p>\n<h3 style=\"text-align: center;\"><a href=\"https:\/\/api.whatsapp.com\/send?phone=+34603858264&amp;text=Necesito%20informaci%C3%B3n%20comercial%20sobre%20vuestros%20servicios.\">PULSA AQU\u00cd PARA HABLAR CON UN ESPECIALISTA<\/a><\/h3>\n","protected":false},"excerpt":{"rendered":"<h1 style=\"text-align: center;\">SOBRES EN CERDANYOLA<\/h1>\n<p style=\"text-align: center;\">Realizamos la fabricaci\u00f3n y el dise\u00f1o de todo tipo de sobres <strong>en Cerdanyola del Vall\u00e9s<\/strong> a precios econ\u00f3micos. <strong>P<\/strong><b>apel, cart\u00f3n, acabado mate, acabado brillante.<\/b><\/p>\n<p style=\"text-align: center;\"><strong>Compra tus sobres online para tu negocio en Cerdanyola del Vall\u00e9s.<\/strong><\/p>\n","protected":false},"featured_media":4556,"comment_status":"open","ping_status":"closed","template":"","meta":[],"product_brand":[],"product_cat":[2646],"product_tag":[3850,3890,3855,3895,3854,3894,3856,3896,3853,3893,3869,3908,3851,3891,3852,3892,3862,3902,3867,3906,3871,3910,3836,3868,3907,3876,3857,3897,3859,3899,3863,3865,3903,3860,3900,3861,3901,3866,3905,3858,3898,3864,3904,3841,3881,3837,3877,3832,3872,3888,3848,3833,3873,3840,3849,3889,3880,3843,3883,3835,3875,3844,3884,3845,3885,3846,3886,3838,3878,3842,3882,3847,3887,3834,3874,3839,3879,3870,3909],"yst_prominent_words":[325,494,697,401,776],"class_list":{"0":"post-4635","1":"product","2":"type-product","3":"status-publish","4":"has-post-thumbnail","6":"product_cat-pequeno-formato","7":"product_tag-como-crear-sobres-personalizados-en-outlook","8":"product_tag-como-crear-sobres-personalizados-en-outlook-cerdanyola-del-valles","9":"product_tag-como-crear-sobres-personalizados-para-pc","10":"product_tag-como-crear-sobres-personalizados-para-pc-cerdanyola-del-valles","11":"product_tag-como-hacer-sobres-personalizados","12":"product_tag-como-hacer-sobres-personalizados-cerdanyola-del-valles","13":"product_tag-crear-sobres-personalizados","14":"product_tag-crear-sobres-personalizados-cerdanyola-del-valles","15":"product_tag-descargar-sobres-personalizados-para-pc","16":"product_tag-descargar-sobres-personalizados-para-pc-cerdanyola-del-valles","17":"product_tag-disenar-sobres-corporativos-online-gratis","18":"product_tag-disenar-sobres-corporativos-online-gratis-cerdanyola-del-valles","19":"product_tag-diseno-de-sobres-personalizados","20":"product_tag-diseno-de-sobres-personalizados-cerdanyola-del-valles","21":"product_tag-gmail-sobres-personalizados","22":"product_tag-gmail-sobres-personalizados-cerdanyola-del-valles","23":"product_tag-sobres-a3-personalizados","24":"product_tag-sobres-a3-personalizados-cerdanyola-del-valles","25":"product_tag-sobres-carton-personalizados","26":"product_tag-sobres-carton-personalizados-cerdanyola-del-valles","27":"product_tag-sobres-con-solapas-a4","28":"product_tag-sobres-con-solapas-a4-cerdanyola-del-valles","29":"product_tag-sobres-corporativos","30":"product_tag-sobres-corporativos-baratas","31":"product_tag-sobres-corporativos-baratas-cerdanyola-del-valles","32":"product_tag-sobres-corporativos-cerdanyola-del-valles","33":"product_tag-sobres-cuero-personalizados","34":"product_tag-sobres-cuero-personalizados-cerdanyola-del-valles","35":"product_tag-sobres-de-carton-personalizados","36":"product_tag-sobres-de-carton-personalizados-cerdanyola-del-valles","37":"product_tag-sobres-de-piel-personalizados","38":"product_tag-sobres-de-piel-personalizados-cdmx","39":"product_tag-sobres-de-piel-personalizados-cerdanyola-del-valles","40":"product_tag-sobres-de-presentacion-personalizados","41":"product_tag-sobres-de-presentacion-personalizados-cerdanyola-del-valles","42":"product_tag-sobres-ejecutivas-personalizados","43":"product_tag-sobres-ejecutivas-personalizados-cerdanyola-del-valles","44":"product_tag-sobres-empresariales-personalizados","45":"product_tag-sobres-empresariales-personalizados-cerdanyola-del-valles","46":"product_tag-sobres-escolares-personalizados","47":"product_tag-sobres-escolares-personalizados-cerdanyola-del-valles","48":"product_tag-sobres-impresas-personalizados","49":"product_tag-sobres-impresas-personalizados-cerdanyola-del-valles","50":"product_tag-sobres-personalizados-abogados","51":"product_tag-sobres-personalizados-abogados-cerdanyola-del-valles","52":"product_tag-sobres-personalizados-amazon","53":"product_tag-sobres-personalizados-amazon-cerdanyola-del-valles","54":"product_tag-sobres-personalizados-baratas","55":"product_tag-sobres-personalizados-baratas-cerdanyola-del-valles","56":"product_tag-sobres-personalizados-cerdanyola-del-valles","57":"product_tag-sobres-personalizados-chile","58":"product_tag-sobres-personalizados-con-fotos","59":"product_tag-sobres-personalizados-con-fotos-cerdanyola-del-valles","60":"product_tag-sobres-personalizados-con-solapa","61":"product_tag-sobres-personalizados-con-solapa-baratas","62":"product_tag-sobres-personalizados-con-solapa-baratas-cerdanyola-del-valles","63":"product_tag-sobres-personalizados-con-solapa-cerdanyola-del-valles","64":"product_tag-sobres-personalizados-cuero","65":"product_tag-sobres-personalizados-cuero-cerdanyola-del-valles","66":"product_tag-sobres-personalizados-empresa","67":"product_tag-sobres-personalizados-empresa-cerdanyola-del-valles","68":"product_tag-sobres-personalizados-escolares","69":"product_tag-sobres-personalizados-escolares-cerdanyola-del-valles","70":"product_tag-sobres-personalizados-hechas-a-mano","71":"product_tag-sobres-personalizados-hechas-a-mano-cerdanyola-del-valles","72":"product_tag-sobres-personalizados-impresas","73":"product_tag-sobres-personalizados-impresas-cerdanyola-del-valles","74":"product_tag-sobres-personalizados-online","75":"product_tag-sobres-personalizados-online-cerdanyola-del-valles","76":"product_tag-sobres-personalizados-para-empresas","77":"product_tag-sobres-personalizados-para-empresas-cerdanyola-del-valles","78":"product_tag-sobres-personalizados-pc","79":"product_tag-sobres-personalizados-pc-cerdanyola-del-valles","80":"product_tag-sobres-plastico-personalizados","81":"product_tag-sobres-plastico-personalizados-cerdanyola-del-valles","82":"product_tag-sobres-y-sobres-personalizados","83":"product_tag-sobres-y-sobres-personalizados-cerdanyola-del-valles","84":"product_tag-subsobres-personalizados","85":"product_tag-subsobres-personalizados-cerdanyola-del-valles","87":"first","88":"instock","89":"taxable","90":"shipping-taxable","91":"product-type-simple"},"_links":{"self":[{"href":"https:\/\/imprenta.org.es\/cerdanyola-del-valles\/wp-json\/wp\/v2\/product\/4635","targetHints":{"allow":["GET"]}}],"collection":[{"href":"https:\/\/imprenta.org.es\/cerdanyola-del-valles\/wp-json\/wp\/v2\/product"}],"about":[{"href":"https:\/\/imprenta.org.es\/cerdanyola-del-valles\/wp-json\/wp\/v2\/types\/product"}],"replies":[{"embeddable":true,"href":"https:\/\/imprenta.org.es\/cerdanyola-del-valles\/wp-json\/wp\/v2\/comments?post=4635"}],"wp:featuredmedia":[{"embeddable":true,"href":"https:\/\/imprenta.org.es\/cerdanyola-del-valles\/wp-json\/wp\/v2\/media\/4556"}],"wp:attachment":[{"href":"https:\/\/imprenta.org.es\/cerdanyola-del-valles\/wp-json\/wp\/v2\/media?parent=4635"}],"wp:term":[{"taxonomy":"product_brand","embeddable":true,"href":"https:\/\/imprenta.org.es\/cerdanyola-del-valles\/wp-json\/wp\/v2\/product_brand?post=4635"},{"taxonomy":"product_cat","embeddable":true,"href":"https:\/\/imprenta.org.es\/cerdanyola-del-valles\/wp-json\/wp\/v2\/product_cat?post=4635"},{"taxonomy":"product_tag","embeddable":true,"href":"https:\/\/imprenta.org.es\/cerdanyola-del-valles\/wp-json\/wp\/v2\/product_tag?post=4635"},{"taxonomy":"yst_prominent_words","embeddable":true,"href":"https:\/\/imprenta.org.es\/cerdanyola-del-valles\/wp-json\/wp\/v2\/yst_prominent_words?post=4635"}],"curies":[{"name":"wp","href":"https:\/\/api.w.org\/{rel}","templated":true}]}}